{"id":262053,"date":"2022-09-19T12:22:34","date_gmt":"2022-09-19T12:22:34","guid":{"rendered":"https:\/\/www.ankalite.com.tr\/contact\/"},"modified":"2023-12-28T15:22:04","modified_gmt":"2023-12-28T15:22:04","slug":"contact","status":"publish","type":"page","link":"https:\/\/www.ankalite.com.tr\/en\/contact\/","title":{"rendered":"Contact"},"content":{"rendered":"<p>[et_pb_section fb_built=&#8221;1&#8243; _builder_version=&#8221;4.18.0&#8243; _module_preset=&#8221;default&#8221; background_image=&#8221;https:\/\/www.ankalite.com.tr\/wp-content\/uploads\/2022\/09\/ankalite-homebg-2.jpg&#8221; custom_padding=&#8221;11px||0px||false|false&#8221; global_colors_info=&#8221;{}&#8221;][et_pb_row column_structure=&#8221;1_2,1_2&#8243; _builder_version=&#8221;4.18.0&#8243; _module_preset=&#8221;default&#8221; custom_padding=&#8221;0px||0px||false|false&#8221; hover_enabled=&#8221;0&#8243; custom_css_main_element=&#8221;display:flex;||flex-wrap:wrap;&#8221; global_colors_info=&#8221;{}&#8221; custom_padding_last_edited=&#8221;on|tablet&#8221; custom_margin=&#8221;||||false|false&#8221; sticky_enabled=&#8221;0&#8243; custom_padding_phone=&#8221;||10px||false|false&#8221; custom_padding_tablet=&#8221;||12px||false|false&#8221;][et_pb_column type=&#8221;1_2&#8243; _builder_version=&#8221;4.17.0&#8243; _module_preset=&#8221;default&#8221; global_colors_info=&#8221;{}&#8221; custom_css_main_element_last_edited=&#8221;on|tablet&#8221; custom_css_main_element_tablet=&#8221;order:2;&#8221; custom_css_main_element_phone=&#8221;order:2;&#8221;][et_pb_image src=&#8221;https:\/\/www.ankalite.com.tr\/wp-content\/uploads\/2022\/09\/ankalite-home-img.png&#8221; title_text=&#8221;ankalite-home-img&#8221; _builder_version=&#8221;4.18.0&#8243; _module_preset=&#8221;default&#8221; custom_margin_tablet=&#8221;||-39px||false|false&#8221; custom_margin_phone=&#8221;10px||||false|false&#8221; custom_margin_last_edited=&#8221;on|tablet&#8221; hover_enabled=&#8221;0&#8243; global_colors_info=&#8221;{}&#8221; sticky_enabled=&#8221;0&#8243;][\/et_pb_image][\/et_pb_column][et_pb_column type=&#8221;1_2&#8243; _builder_version=&#8221;4.17.0&#8243; _module_preset=&#8221;default&#8221; global_colors_info=&#8221;{}&#8221;][et_pb_text _builder_version=&#8221;4.18.0&#8243; _module_preset=&#8221;default&#8221; header_font=&#8221;Poppins|700|||||||&#8221; header_text_color=&#8221;#FFFFFF&#8221; header_font_size=&#8221;75px&#8221; header_line_height=&#8221;1.2em&#8221; header_3_font=&#8221;Poppins|700|||||||&#8221; header_3_text_align=&#8221;center&#8221; header_3_text_color=&#8221;#FFFFFF&#8221; header_3_font_size=&#8221;52px&#8221; header_3_line_height=&#8221;1.2em&#8221; custom_margin=&#8221;97px||5px||false|false&#8221; custom_padding=&#8221;||45px|||&#8221; hover_enabled=&#8221;0&#8243; header_3_font_size_tablet=&#8221;&#8221; header_3_font_size_phone=&#8221;29px&#8221; header_3_font_size_last_edited=&#8221;on|phone&#8221; header_3_line_height_tablet=&#8221;&#8221; header_3_line_height_phone=&#8221;1.3em&#8221; header_3_line_height_last_edited=&#8221;on|phone&#8221; locked=&#8221;off&#8221; global_colors_info=&#8221;{}&#8221; sticky_enabled=&#8221;0&#8243;]<\/p>\n<h3>Contact <span style=\"color: #fe7b39;\">Us<\/span><span style=\"color: #fe7b39;\">!<\/span><\/h3>\n<p>[\/et_pb_text][et_pb_text _builder_version=&#8221;4.18.0&#8243; _module_preset=&#8221;b327cbe4-b1d5-4b66-ad37-40c8f2f061ba&#8221; header_2_font=&#8221;|700|||||||&#8221; header_2_text_color=&#8221;#000000&#8243; header_2_font_size=&#8221;48px&#8221; text_orientation=&#8221;center&#8221; custom_margin=&#8221;||45px|||&#8221; header_2_font_size_tablet=&#8221;32px&#8221; header_2_font_size_phone=&#8221;20px&#8221; header_2_font_size_last_edited=&#8221;on|desktop&#8221; global_colors_info=&#8221;{}&#8221;]<\/p>\n<h3 style=\"text-align: center;\"><span style=\"color: #ffffff;\">Ankalite Kalite Kontrol LTD. \u015eT\u0130.<\/span><\/h3>\n<p style=\"text-align: center;\"><span style=\"color: #ffffff;\">Maltepe Vergi Dairesi &#8211; 4610262509<\/span><\/p>\n<p>[\/et_pb_text][dsm_business_hours separator_style=&#8221;dotted&#8221; separator_weight=&#8221;1px&#8221; separator_color=&#8221;rgba(255,255,255,0.57)&#8221; _builder_version=&#8221;4.18.0&#8243; _module_preset=&#8221;default&#8221; header_font=&#8221;|700|||||||&#8221; header_text_color=&#8221;#FFFFFF&#8221; header_line_height=&#8221;2.1em&#8221; time_font=&#8221;|700|||||||&#8221; time_text_color=&#8221;#FFFFFF&#8221; global_colors_info=&#8221;{}&#8221; header_letter_spacing__hover_enabled=&#8221;off|desktop&#8221;][dsm_business_hours_child title=&#8221;Monday&#8221; _builder_version=&#8221;4.18.0&#8243; _module_preset=&#8221;default&#8221; global_colors_info=&#8221;{}&#8221;][\/dsm_business_hours_child][dsm_business_hours_child title=&#8221;Tuesday&#8221; _builder_version=&#8221;4.18.0&#8243; _module_preset=&#8221;default&#8221; global_colors_info=&#8221;{}&#8221;][\/dsm_business_hours_child][dsm_business_hours_child title=&#8221;Wednesday&#8221; _builder_version=&#8221;4.18.0&#8243; _module_preset=&#8221;default&#8221; global_colors_info=&#8221;{}&#8221;][\/dsm_business_hours_child][dsm_business_hours_child title=&#8221;Thursday&#8221; _builder_version=&#8221;4.18.0&#8243; _module_preset=&#8221;default&#8221; global_colors_info=&#8221;{}&#8221;][\/dsm_business_hours_child][dsm_business_hours_child title=&#8221;Friday&#8221; _builder_version=&#8221;4.18.0&#8243; _module_preset=&#8221;default&#8221; global_colors_info=&#8221;{}&#8221;][\/dsm_business_hours_child][dsm_business_hours_child time=&#8221;Closed&#8221; title=&#8221;Saturday&#8221; _builder_version=&#8221;4.18.0&#8243; _module_preset=&#8221;default&#8221; global_colors_info=&#8221;{}&#8221;][\/dsm_business_hours_child][dsm_business_hours_child time=&#8221;Closed&#8221; title=&#8221;Sunday&#8221; _builder_version=&#8221;4.18.0&#8243; _module_preset=&#8221;default&#8221; global_colors_info=&#8221;{}&#8221;][\/dsm_business_hours_child][\/dsm_business_hours][\/et_pb_column][\/et_pb_row][\/et_pb_section][et_pb_section fb_built=&#8221;1&#8243; admin_label=&#8221;Header&#8221; _builder_version=&#8221;4.18.0&#8243; _module_preset=&#8221;default&#8221; background_enable_mask_style=&#8221;on&#8221; background_mask_style=&#8221;diagonal&#8221; background_mask_color=&#8221;rgba(0,0,0,0.03)&#8221; collapsed=&#8221;on&#8221; global_colors_info=&#8221;{}&#8221;][et_pb_row column_structure=&#8221;1_2,1_2&#8243; make_equal=&#8221;on&#8221; _builder_version=&#8221;4.18.0&#8243; _module_preset=&#8221;default&#8221; z_index=&#8221;10&#8243; global_colors_info=&#8221;{}&#8221;][et_pb_column type=&#8221;1_2&#8243; _builder_version=&#8221;4.17.4&#8243; _module_preset=&#8221;default&#8221; background_color=&#8221;#E0510C&#8221; custom_padding=&#8221;50px|40px|50px|40px|true|true&#8221; custom_padding_tablet=&#8221;40px|40px|40px|40px|true|true&#8221; custom_padding_phone=&#8221;20px|20px|20px|20px|true|true&#8221; custom_padding_last_edited=&#8221;on|phone&#8221; border_radii=&#8221;on|30px|30px|30px|30px&#8221; global_colors_info=&#8221;{}&#8221;][et_pb_text _builder_version=&#8221;4.18.0&#8243; _module_preset=&#8221;b327cbe4-b1d5-4b66-ad37-40c8f2f061ba&#8221; header_2_font=&#8221;|700|||||||&#8221; header_2_text_color=&#8221;#000000&#8243; header_2_font_size=&#8221;48px&#8221; text_orientation=&#8221;center&#8221; custom_margin=&#8221;||26px|||&#8221; header_2_font_size_tablet=&#8221;32px&#8221; header_2_font_size_phone=&#8221;20px&#8221; header_2_font_size_last_edited=&#8221;on|desktop&#8221; global_colors_info=&#8221;{}&#8221;]<\/p>\n<h3 style=\"text-align: center;\"><span style=\"color: #ffffff;\">Ankalite Kalite Kontrol LTD. \u015eT\u0130.<\/span><\/h3>\n<p>[\/et_pb_text][et_pb_blurb title=&#8221;Address&#8221; use_icon=&#8221;on&#8221; font_icon=&#8221;&#xf3c5;||fa||900&#8243; icon_color=&#8221;#000000&#8243; image_icon_background_color=&#8221;#FFFFFF&#8221; icon_placement=&#8221;left&#8221; image_icon_width=&#8221;24px&#8221; content_max_width=&#8221;100%&#8221; _builder_version=&#8221;4.18.0&#8243; _module_preset=&#8221;c6aa0334-470b-4941-9456-a5df8b0ed32f&#8221; header_font=&#8221;Darker Grotesque|700|||||||&#8221; header_text_color=&#8221;#FFFFFF&#8221; header_font_size=&#8221;20px&#8221; header_line_height=&#8221;1.4em&#8221; body_font=&#8221;Darker Grotesque|500|||||||&#8221; body_text_color=&#8221;#FFFFFF&#8221; body_font_size=&#8221;19px&#8221; body_line_height=&#8221;1.5em&#8221; image_icon_custom_padding=&#8221;20px|20px|20px|20px|true|true&#8221; animation=&#8221;off&#8221; border_radii_image=&#8221;on|400px|400px|400px|400px&#8221; locked=&#8221;off&#8221; global_colors_info=&#8221;{}&#8221;]<\/p>\n<p><span>Be\u015ftepe Mah. Nergiz Sk. No:7-2 Via Flat \u0130\u015f Merkezi K:3 \u0130\u00e7 Kap\u0131 No 87 Yenimahalle\/Ankara<\/span><\/p>\n<p>[\/et_pb_blurb][et_pb_blurb title=&#8221;Phone:&#8221; use_icon=&#8221;on&#8221; font_icon=&#8221;&#xe090;||divi||400&#8243; icon_color=&#8221;#000000&#8243; image_icon_background_color=&#8221;#FFFFFF&#8221; icon_placement=&#8221;left&#8221; image_icon_width=&#8221;24px&#8221; content_max_width=&#8221;100%&#8221; _builder_version=&#8221;4.18.0&#8243; _module_preset=&#8221;c6aa0334-470b-4941-9456-a5df8b0ed32f&#8221; header_font=&#8221;Darker Grotesque|700|||||||&#8221; header_text_color=&#8221;#FFFFFF&#8221; header_font_size=&#8221;20px&#8221; header_line_height=&#8221;1.4em&#8221; body_font=&#8221;Darker Grotesque|500|||||||&#8221; body_text_color=&#8221;#FFFFFF&#8221; body_font_size=&#8221;19px&#8221; body_line_height=&#8221;1.5em&#8221; image_icon_custom_padding=&#8221;20px|20px|20px|20px|true|true&#8221; animation=&#8221;off&#8221; border_radii_image=&#8221;on|400px|400px|400px|400px&#8221; locked=&#8221;off&#8221; global_colors_info=&#8221;{}&#8221;]<\/p>\n<p><span style=\"color: #ffffff;\"><a href=\"tel:+903122481394\" style=\"color: #ffffff;\">+90 312 248 13 94<\/a><\/span><\/p>\n<p>[\/et_pb_blurb][et_pb_blurb title=&#8221;E-Mail&#8221; use_icon=&#8221;on&#8221; font_icon=&#8221;&#xe076;||divi||400&#8243; icon_color=&#8221;#000000&#8243; image_icon_background_color=&#8221;#FFFFFF&#8221; icon_placement=&#8221;left&#8221; image_icon_width=&#8221;24px&#8221; content_max_width=&#8221;100%&#8221; _builder_version=&#8221;4.18.0&#8243; _module_preset=&#8221;c6aa0334-470b-4941-9456-a5df8b0ed32f&#8221; header_font=&#8221;Darker Grotesque|700|||||||&#8221; header_text_color=&#8221;#FFFFFF&#8221; header_font_size=&#8221;20px&#8221; header_line_height=&#8221;1.4em&#8221; body_font=&#8221;Darker Grotesque|500|||||||&#8221; body_text_color=&#8221;#FFFFFF&#8221; body_font_size=&#8221;19px&#8221; body_line_height=&#8221;1.5em&#8221; image_icon_custom_padding=&#8221;20px|20px|20px|20px|true|true&#8221; animation=&#8221;off&#8221; border_radii_image=&#8221;on|400px|400px|400px|400px&#8221; locked=&#8221;off&#8221; global_colors_info=&#8221;{}&#8221;]<\/p>\n<p>genel@ankalite.com.tr<\/p>\n<p>[\/et_pb_blurb][\/et_pb_column][et_pb_column type=&#8221;1_2&#8243; _builder_version=&#8221;4.18.0&#8243; _module_preset=&#8221;default&#8221; background_color=&#8221;RGBA(43,57,144,0.91)&#8221; background_enable_mask_style=&#8221;on&#8221; background_mask_style=&#8221;diagonal&#8221; background_mask_color=&#8221;gcid-ace359a3-8001-4603-8428-136f1ef9490f&#8221; background_mask_transform=&#8221;rotate_90_degree|invert|flip_horizontal&#8221; background_mask_aspect_ratio=&#8221;portrait&#8221; background_mask_size=&#8221;cover&#8221; background_mask_position=&#8221;top_center&#8221; custom_padding=&#8221;50px|50px|50px|50px|true|true&#8221; custom_padding_tablet=&#8221;50px|50px|30%|50px|false|true&#8221; custom_padding_phone=&#8221;20px|30px|50%|30px|false|true&#8221; custom_padding_last_edited=&#8221;on|phone&#8221; background_last_edited=&#8221;on|tablet&#8221; background_mask_aspect_ratio_tablet=&#8221;landscape&#8221; background_mask_aspect_ratio_phone=&#8221;portrait&#8221; border_radii=&#8221;on|30px|30px|30px|30px&#8221; global_colors_info=&#8221;{%22gcid-ace359a3-8001-4603-8428-136f1ef9490f%22:%91%22background_mask_color%22%93}&#8221;][et_pb_text _builder_version=&#8221;4.18.0&#8243; _module_preset=&#8221;b327cbe4-b1d5-4b66-ad37-40c8f2f061ba&#8221; header_2_font=&#8221;|700|||||||&#8221; header_2_text_color=&#8221;#000000&#8243; header_2_font_size=&#8221;48px&#8221; text_orientation=&#8221;center&#8221; custom_margin=&#8221;||26px|||&#8221; header_2_font_size_tablet=&#8221;32px&#8221; header_2_font_size_phone=&#8221;20px&#8221; header_2_font_size_last_edited=&#8221;on|desktop&#8221; global_colors_info=&#8221;{}&#8221;]<\/p>\n<h3 style=\"text-align: center;\"><span style=\"color: #ffffff;\">INDTOKULU Training and Certification<\/span><\/h3>\n<p>[\/et_pb_text][et_pb_blurb title=&#8221;Website&#8221; use_icon=&#8221;on&#8221; font_icon=&#8221;&#xe0e3;||divi||400&#8243; icon_color=&#8221;#000000&#8243; image_icon_background_color=&#8221;#FFFFFF&#8221; icon_placement=&#8221;left&#8221; image_icon_width=&#8221;24px&#8221; content_max_width=&#8221;100%&#8221; _builder_version=&#8221;4.18.0&#8243; _module_preset=&#8221;c6aa0334-470b-4941-9456-a5df8b0ed32f&#8221; header_font=&#8221;Darker Grotesque|700|||||||&#8221; header_text_color=&#8221;#FFFFFF&#8221; header_font_size=&#8221;20px&#8221; header_line_height=&#8221;1.4em&#8221; body_font=&#8221;Darker Grotesque|500|||||||&#8221; body_text_color=&#8221;#FFFFFF&#8221; body_font_size=&#8221;19px&#8221; body_line_height=&#8221;1.5em&#8221; image_icon_custom_padding=&#8221;20px|20px|20px|20px|true|true&#8221; animation=&#8221;off&#8221; border_radii_image=&#8221;on|400px|400px|400px|400px&#8221; locked=&#8221;off&#8221; global_colors_info=&#8221;{}&#8221;]<\/p>\n<p><span>www.indtokulu.com<\/span><\/p>\n<p>[\/et_pb_blurb][et_pb_blurb title=&#8221;Phone:&#8221; use_icon=&#8221;on&#8221; font_icon=&#8221;&#xe090;||divi||400&#8243; icon_color=&#8221;#000000&#8243; image_icon_background_color=&#8221;#FFFFFF&#8221; icon_placement=&#8221;left&#8221; image_icon_width=&#8221;24px&#8221; content_max_width=&#8221;100%&#8221; _builder_version=&#8221;4.18.0&#8243; _module_preset=&#8221;c6aa0334-470b-4941-9456-a5df8b0ed32f&#8221; header_font=&#8221;Darker Grotesque|700|||||||&#8221; header_text_color=&#8221;#FFFFFF&#8221; header_font_size=&#8221;20px&#8221; header_line_height=&#8221;1.4em&#8221; body_font=&#8221;Darker Grotesque|500|||||||&#8221; body_text_color=&#8221;#FFFFFF&#8221; body_font_size=&#8221;19px&#8221; body_line_height=&#8221;1.5em&#8221; image_icon_custom_padding=&#8221;20px|20px|20px|20px|true|true&#8221; animation=&#8221;off&#8221; border_radii_image=&#8221;on|400px|400px|400px|400px&#8221; locked=&#8221;off&#8221; global_colors_info=&#8221;{}&#8221;]<span style=\"color: #ffffff;\"><a href=\"tel:+905319649876\" style=\"color: #ffffff;\">+90 531 964 98 76<\/a><\/span>[\/et_pb_blurb][et_pb_blurb title=&#8221;E-Mail&#8221; use_icon=&#8221;on&#8221; font_icon=&#8221;&#xe076;||divi||400&#8243; icon_color=&#8221;#000000&#8243; image_icon_background_color=&#8221;#FFFFFF&#8221; icon_placement=&#8221;left&#8221; image_icon_width=&#8221;24px&#8221; content_max_width=&#8221;100%&#8221; _builder_version=&#8221;4.18.0&#8243; _module_preset=&#8221;c6aa0334-470b-4941-9456-a5df8b0ed32f&#8221; header_font=&#8221;Darker Grotesque|700|||||||&#8221; header_text_color=&#8221;#FFFFFF&#8221; header_font_size=&#8221;20px&#8221; header_line_height=&#8221;1.4em&#8221; body_font=&#8221;Darker Grotesque|500|||||||&#8221; body_text_color=&#8221;#FFFFFF&#8221; body_font_size=&#8221;19px&#8221; body_line_height=&#8221;1.5em&#8221; image_icon_custom_padding=&#8221;20px|20px|20px|20px|true|true&#8221; animation=&#8221;off&#8221; border_radii_image=&#8221;on|400px|400px|400px|400px&#8221; locked=&#8221;off&#8221; global_colors_info=&#8221;{}&#8221;]<\/p>\n<p>info@indtokulu.com<\/p>\n<p>[\/et_pb_blurb][\/et_pb_column][\/et_pb_row][\/et_pb_section]<\/p>\n","protected":false},"excerpt":{"rendered":"<p>Contact Us!Ankalite Kalite Kontrol LTD. \u015eT\u0130. Maltepe Vergi Dairesi &#8211; 4610262509<div class=\"et_pb_module dsm_business_hours dsm_business_hours_0\">\n\t\t\t\t\n\t\t\t\t\n\t\t\t\t\n\t\t\t\t\n\t\t\t\t\n\t\t\t\t\n\t\t\t\t<div class=\"et_pb_module_inner\">\n\t\t\t\t\t<div class=\"et_pb_module dsm_business_hours_child dsm_business_hours_child_0\">\n\t\t\t\t\n\t\t\t\t\n\t\t\t\t\n\t\t\t\t\n\t\t\t\t\n\t\t\t\t\n\t\t\t\t<div class=\"et_pb_module_inner\">\n\t\t\t\t\t\n\t\t\t\n\t\t\t<div class=\"dsm_business_hours_item_wrapper\">\n\t\t\t\t<div class=\"dsm-business-hours-header\">\n\t\t\t\t\t<div class=\"dsm-business-hours-day\">Monday<\/div>\n\t\t\t\t\t<div class=\"dsm-business-hours-separator\"><\/div>\n\t\t\t\t\t<div class=\"dsm-business-hours-time\">9:00 AM - 6:00 PM<\/div>\n\t\t\t\t<\/div>\n\t\t\t<\/div>\n\t\t\t\t<\/div>\n\t\t\t<\/div><div class=\"et_pb_module dsm_business_hours_child dsm_business_hours_child_1\">\n\t\t\t\t\n\t\t\t\t\n\t\t\t\t\n\t\t\t\t\n\t\t\t\t\n\t\t\t\t\n\t\t\t\t<div class=\"et_pb_module_inner\">\n\t\t\t\t\t\n\t\t\t\n\t\t\t<div class=\"dsm_business_hours_item_wrapper\">\n\t\t\t\t<div class=\"dsm-business-hours-header\">\n\t\t\t\t\t<div class=\"dsm-business-hours-day\">Tuesday<\/div>\n\t\t\t\t\t<div class=\"dsm-business-hours-separator\"><\/div>\n\t\t\t\t\t<div class=\"dsm-business-hours-time\">9:00 AM - 6:00 PM<\/div>\n\t\t\t\t<\/div>\n\t\t\t<\/div>\n\t\t\t\t<\/div>\n\t\t\t<\/div><div class=\"et_pb_module dsm_business_hours_child dsm_business_hours_child_2\">\n\t\t\t\t\n\t\t\t\t\n\t\t\t\t\n\t\t\t\t\n\t\t\t\t\n\t\t\t\t\n\t\t\t\t<div class=\"et_pb_module_inner\">\n\t\t\t\t\t\n\t\t\t\n\t\t\t<div class=\"dsm_business_hours_item_wrapper\">\n\t\t\t\t<div class=\"dsm-business-hours-header\">\n\t\t\t\t\t<div class=\"dsm-business-hours-day\">Wednesday<\/div>\n\t\t\t\t\t<div class=\"dsm-business-hours-separator\"><\/div>\n\t\t\t\t\t<div class=\"dsm-business-hours-time\">9:00 AM - 6:00 PM<\/div>\n\t\t\t\t<\/div>\n\t\t\t<\/div>\n\t\t\t\t<\/div>\n\t\t\t<\/div><div class=\"et_pb_module dsm_business_hours_child dsm_business_hours_child_3\">\n\t\t\t\t\n\t\t\t\t\n\t\t\t\t\n\t\t\t\t\n\t\t\t\t\n\t\t\t\t\n\t\t\t\t<div class=\"et_pb_module_inner\">\n\t\t\t\t\t\n\t\t\t\n\t\t\t<div class=\"dsm_business_hours_item_wrapper\">\n\t\t\t\t<div class=\"dsm-business-hours-header\">\n\t\t\t\t\t<div class=\"dsm-business-hours-day\">Thursday<\/div>\n\t\t\t\t\t<div class=\"dsm-business-hours-separator\"><\/div>\n\t\t\t\t\t<div class=\"dsm-business-hours-time\">9:00 AM - 6:00 PM<\/div>\n\t\t\t\t<\/div>\n\t\t\t<\/div>\n\t\t\t\t<\/div>\n\t\t\t<\/div><div class=\"et_pb_module dsm_business_hours_child dsm_business_hours_child_4\">\n\t\t\t\t\n\t\t\t\t\n\t\t\t\t\n\t\t\t\t\n\t\t\t\t\n\t\t\t\t\n\t\t\t\t<div class=\"et_pb_module_inner\">\n\t\t\t\t\t\n\t\t\t\n\t\t\t<div class=\"dsm_business_hours_item_wrapper\">\n\t\t\t\t<div class=\"dsm-business-hours-header\">\n\t\t\t\t\t<div class=\"dsm-business-hours-day\">Friday<\/div>\n\t\t\t\t\t<div class=\"dsm-business-hours-separator\"><\/div>\n\t\t\t\t\t<div class=\"dsm-business-hours-time\">9:00 AM - 6:00 PM<\/div>\n\t\t\t\t<\/div>\n\t\t\t<\/div>\n\t\t\t\t<\/div>\n\t\t\t<\/div><div class=\"et_pb_module dsm_business_hours_child dsm_business_hours_child_5\">\n\t\t\t\t\n\t\t\t\t\n\t\t\t\t\n\t\t\t\t\n\t\t\t\t\n\t\t\t\t\n\t\t\t\t<div class=\"et_pb_module_inner\">\n\t\t\t\t\t\n\t\t\t\n\t\t\t<div class=\"dsm_business_hours_item_wrapper\">\n\t\t\t\t<div class=\"dsm-business-hours-header\">\n\t\t\t\t\t<div class=\"dsm-business-hours-day\">Saturday<\/div>\n\t\t\t\t\t<div class=\"dsm-business-hours-separator\"><\/div>\n\t\t\t\t\t<div class=\"dsm-business-hours-time\">Closed<\/div>\n\t\t\t\t<\/div>\n\t\t\t<\/div>\n\t\t\t\t<\/div>\n\t\t\t<\/div><div class=\"et_pb_module dsm_business_hours_child dsm_business_hours_child_6\">\n\t\t\t\t\n\t\t\t\t\n\t\t\t\t\n\t\t\t\t\n\t\t\t\t\n\t\t\t\t\n\t\t\t\t<div class=\"et_pb_module_inner\">\n\t\t\t\t\t\n\t\t\t\n\t\t\t<div class=\"dsm_business_hours_item_wrapper\">\n\t\t\t\t<div class=\"dsm-business-hours-header\">\n\t\t\t\t\t<div class=\"dsm-business-hours-day\">Sunday<\/div>\n\t\t\t\t\t<div class=\"dsm-business-hours-separator\"><\/div>\n\t\t\t\t\t<div class=\"dsm-business-hours-time\">Closed<\/div>\n\t\t\t\t<\/div>\n\t\t\t<\/div>\n\t\t\t\t<\/div>\n\t\t\t<\/div>\n\t\t\t\t<\/div>\n\t\t\t<\/div>Ankalite Kalite Kontrol [&hellip;]<\/p>\n","protected":false},"author":1,"featured_media":0,"parent":0,"menu_order":0,"comment_status":"closed","ping_status":"closed","template":"","meta":{"_et_pb_use_builder":"on","_et_pb_old_content":"","_et_gb_content_width":""},"_links":{"self":[{"href":"https:\/\/www.ankalite.com.tr\/en\/wp-json\/wp\/v2\/pages\/262053"}],"collection":[{"href":"https:\/\/www.ankalite.com.tr\/en\/wp-json\/wp\/v2\/pages"}],"about":[{"href":"https:\/\/www.ankalite.com.tr\/en\/wp-json\/wp\/v2\/types\/page"}],"author":[{"embeddable":true,"href":"https:\/\/www.ankalite.com.tr\/en\/wp-json\/wp\/v2\/users\/1"}],"replies":[{"embeddable":true,"href":"https:\/\/www.ankalite.com.tr\/en\/wp-json\/wp\/v2\/comments?post=262053"}],"version-history":[{"count":3,"href":"https:\/\/www.ankalite.com.tr\/en\/wp-json\/wp\/v2\/pages\/262053\/revisions"}],"predecessor-version":[{"id":262056,"href":"https:\/\/www.ankalite.com.tr\/en\/wp-json\/wp\/v2\/pages\/262053\/revisions\/262056"}],"wp:attachment":[{"href":"https:\/\/www.ankalite.com.tr\/en\/wp-json\/wp\/v2\/media?parent=262053"}],"curies":[{"name":"wp","href":"https:\/\/api.w.org\/{rel}","templated":true}]}}